{"id":1741,"date":"2025-08-26T12:36:36","date_gmt":"2025-08-26T12:36:36","guid":{"rendered":"https:\/\/youngique.nl\/?post_type=product&#038;p=1741"},"modified":"2025-08-26T12:37:31","modified_gmt":"2025-08-26T12:37:31","slug":"pokemon-tcg-black-bolt-white-flare-unova-poster-collection","status":"publish","type":"product","link":"https:\/\/youngique.nl\/index.php\/product\/pokemon-tcg-black-bolt-white-flare-unova-poster-collection\/","title":{"rendered":"Pok\u00e9mon TCG: Black Bolt &#038; White Flare Unova Poster Collection"},"content":{"rendered":"<h3 data-start=\"67\" data-end=\"90\"><strong data-start=\"71\" data-end=\"90\">Inhoud:<\/strong><\/h3>\n<ul>\n<li data-start=\"185\" data-end=\"248\">3 Pok\u00e9mon TCG: Scarlet &amp; Violet 10.5 &#8211; Black Bolt booster packs<\/li>\n<li>3 Pok\u00e9mon TCG: Scarlet &amp; Violet 10.5 &#8211; Black Bolt booster packs<\/li>\n<li data-start=\"185\" data-end=\"248\">1 Promo kaart van Snivy<\/li>\n<li>1 Promo kaart van Tepig<\/li>\n<li>1 Promo kaart van Oshawott<\/li>\n<li>1 Poster<\/li>\n<li>1 codekaart voor Pok\u00e9mon TCG Live<\/li>\n<\/ul>\n<h3 data-start=\"67\" data-end=\"90\"><strong data-start=\"71\" data-end=\"90\">Pok\u00e9mon TCG: Scarlet &amp; Violet 10.5 Black Bolt Booster Pack bevat:<\/strong><\/h3>\n<ul>\n<li>10 Pok\u00e9mon TCG kaarten<\/li>\n<li>1 Basic Energy kaart<\/li>\n<li>1 codekaart voor Pok\u00e9mon TCG Live<\/li>\n<\/ul>\n<h3 data-start=\"67\" data-end=\"90\"><strong data-start=\"71\" data-end=\"90\">Pok\u00e9mon TCG: Scarlet &amp; Violet 10.5 White Flare Booster Pack bevat:<\/strong><\/h3>\n<ul>\n<li>10 Pok\u00e9mon TCG kaarten<\/li>\n<li>1 Basic Energy kaart<\/li>\n<li>1 codekaart voor Pok\u00e9mon TCG Live<\/li>\n<\/ul>\n","protected":false},"excerpt":{"rendered":"<p>With 156 different Pok\u00e9mon to discover, Unova is a region of grand opportunity for Pok\u00e9mon Trainers! Fill out your own regional Pok\u00e9dex starting with first partners Snivy, Tepig, and Oshawott as foil promo cards, then find more Unova Pok\u00e9mon inside booster packs from the special Scarlet &amp; Violet\u2014Black Bolt and Scarlet &amp; Violet\u2014White Flare expansions. You also get a double-sided poster celebrating both expansions.<\/p>\n","protected":false},"featured_media":1743,"comment_status":"open","ping_status":"closed","template":"","meta":[],"product_brand":[],"product_cat":[80,49,48],"product_tag":[],"class_list":{"0":"post-1741","1":"product","2":"type-product","3":"status-publish","4":"has-post-thumbnail","6":"product_cat-pokemon-box-sets","7":"product_cat-black-bolt","8":"product_cat-white-flare","9":"product_shipping_class-dhl-pakket","11":"first","12":"outofstock","13":"taxable","14":"shipping-taxable","15":"purchasable","16":"product-type-simple"},"jetpack_sharing_enabled":true,"_links":{"self":[{"href":"https:\/\/youngique.nl\/index.php\/wp-json\/wp\/v2\/product\/1741","targetHints":{"allow":["GET"]}}],"collection":[{"href":"https:\/\/youngique.nl\/index.php\/wp-json\/wp\/v2\/product"}],"about":[{"href":"https:\/\/youngique.nl\/index.php\/wp-json\/wp\/v2\/types\/product"}],"replies":[{"embeddable":true,"href":"https:\/\/youngique.nl\/index.php\/wp-json\/wp\/v2\/comments?post=1741"}],"wp:featuredmedia":[{"embeddable":true,"href":"https:\/\/youngique.nl\/index.php\/wp-json\/wp\/v2\/media\/1743"}],"wp:attachment":[{"href":"https:\/\/youngique.nl\/index.php\/wp-json\/wp\/v2\/media?parent=1741"}],"wp:term":[{"taxonomy":"product_brand","embeddable":true,"href":"https:\/\/youngique.nl\/index.php\/wp-json\/wp\/v2\/product_brand?post=1741"},{"taxonomy":"product_cat","embeddable":true,"href":"https:\/\/youngique.nl\/index.php\/wp-json\/wp\/v2\/product_cat?post=1741"},{"taxonomy":"product_tag","embeddable":true,"href":"https:\/\/youngique.nl\/index.php\/wp-json\/wp\/v2\/product_tag?post=1741"}],"curies":[{"name":"wp","href":"https:\/\/api.w.org\/{rel}","templated":true}]}}