{"id":1847,"date":"2025-10-22T19:59:12","date_gmt":"2025-10-22T19:59:12","guid":{"rendered":"https:\/\/youngique.nl\/?post_type=product&#038;p=1847"},"modified":"2025-10-22T19:59:13","modified_gmt":"2025-10-22T19:59:13","slug":"mega-heroes-mini-tin-display","status":"publish","type":"product","link":"https:\/\/youngique.nl\/index.php\/product\/mega-heroes-mini-tin-display\/","title":{"rendered":"Mega Heroes: Mini Tin Display"},"content":{"rendered":"<h3 data-start=\"67\" data-end=\"90\"><strong data-start=\"71\" data-end=\"90\">Inhoud:<\/strong><\/h3>\n<ul>\n<li data-start=\"185\" data-end=\"248\">10 Mega Heroes Mini Tin met;\n<ul>\n<li data-start=\"185\" data-end=\"248\">1 Pok\u00e9mon TCG: Mega Evolution ME1 booster pack<\/li>\n<li data-start=\"185\" data-end=\"248\">1 Pok\u00e9mon TCG: Destined Rivals SV10 booster pack<\/li>\n<li data-start=\"185\" data-end=\"248\">1 Sticker sheet<\/li>\n<li data-start=\"185\" data-end=\"248\">1 Art card<\/li>\n<\/ul>\n<\/li>\n<\/ul>\n<h3 data-start=\"67\" data-end=\"90\"><strong data-start=\"71\" data-end=\"90\">Pok\u00e9mon Pok\u00e9mon TCG: Mega Evolution ME1 Booster Pack bevat:<\/strong><\/h3>\n<ul>\n<li>10 Pok\u00e9mon TCG kaarten<\/li>\n<li>1 Basic Energy kaart\u00a0<strong>OF\u00a0<\/strong>1 codekaart voor Pok\u00e9mon TCG Live<\/li>\n<\/ul>\n<h3 data-start=\"67\" data-end=\"90\"><strong data-start=\"71\" data-end=\"90\">Pok\u00e9mon Pok\u00e9mon TCG: Destined Rivals SV10 Booster Pack bevat:<\/strong><\/h3>\n<ul>\n<li>10 Pok\u00e9mon TCG kaarten<\/li>\n<li>1 Basic Energy kaart\u00a0<strong>OF\u00a0<\/strong>1 codekaart voor Pok\u00e9mon TCG Live<\/li>\n<\/ul>\n","protected":false},"excerpt":{"rendered":"<p>Inhoud: 10 Mega Heroes Mini Tin met; 1 Pok\u00e9mon TCG: Mega Evolution ME1 booster pack 1 Pok\u00e9mon TCG: Destined Rivals SV10 booster pack 1 Sticker sheet 1 Art card Pok\u00e9mon Pok\u00e9mon TCG: Mega Evolution ME1 Booster Pack bevat: 10 Pok\u00e9mon TCG kaarten 1 Basic Energy kaart\u00a0OF\u00a01 codekaart voor Pok\u00e9mon TCG Live Pok\u00e9mon Pok\u00e9mon TCG: Destined [&hellip;]<\/p>\n","protected":false},"featured_media":1854,"comment_status":"open","ping_status":"closed","template":"","meta":[],"product_brand":[],"product_cat":[86],"product_tag":[],"class_list":{"0":"post-1847","1":"product","2":"type-product","3":"status-publish","4":"has-post-thumbnail","6":"product_cat-mega-evolution","7":"product_shipping_class-dhl-pakket","9":"first","10":"outofstock","11":"taxable","12":"shipping-taxable","13":"purchasable","14":"product-type-simple"},"jetpack_sharing_enabled":true,"_links":{"self":[{"href":"https:\/\/youngique.nl\/index.php\/wp-json\/wp\/v2\/product\/1847","targetHints":{"allow":["GET"]}}],"collection":[{"href":"https:\/\/youngique.nl\/index.php\/wp-json\/wp\/v2\/product"}],"about":[{"href":"https:\/\/youngique.nl\/index.php\/wp-json\/wp\/v2\/types\/product"}],"replies":[{"embeddable":true,"href":"https:\/\/youngique.nl\/index.php\/wp-json\/wp\/v2\/comments?post=1847"}],"wp:featuredmedia":[{"embeddable":true,"href":"https:\/\/youngique.nl\/index.php\/wp-json\/wp\/v2\/media\/1854"}],"wp:attachment":[{"href":"https:\/\/youngique.nl\/index.php\/wp-json\/wp\/v2\/media?parent=1847"}],"wp:term":[{"taxonomy":"product_brand","embeddable":true,"href":"https:\/\/youngique.nl\/index.php\/wp-json\/wp\/v2\/product_brand?post=1847"},{"taxonomy":"product_cat","embeddable":true,"href":"https:\/\/youngique.nl\/index.php\/wp-json\/wp\/v2\/product_cat?post=1847"},{"taxonomy":"product_tag","embeddable":true,"href":"https:\/\/youngique.nl\/index.php\/wp-json\/wp\/v2\/product_tag?post=1847"}],"curies":[{"name":"wp","href":"https:\/\/api.w.org\/{rel}","templated":true}]}}