{"id":239,"date":"2025-03-13T16:02:43","date_gmt":"2025-03-13T16:02:43","guid":{"rendered":"https:\/\/youngique.nl\/?post_type=product&#038;p=239"},"modified":"2025-08-27T20:41:43","modified_gmt":"2025-08-27T20:41:43","slug":"pokemon-tcg-scarlet-violet-8-5-prismatic-evolutions-booster-leafeon-glaceon","status":"publish","type":"product","link":"https:\/\/youngique.nl\/index.php\/product\/pokemon-tcg-scarlet-violet-8-5-prismatic-evolutions-booster-leafeon-glaceon\/","title":{"rendered":"Pok\u00e9mon TCG: Scarlet &#038; Violet 8.5 &#8211; Prismatic Evolutions &#8211; Booster &#8211; Leafeon &#038; Glaceon"},"content":{"rendered":"<h3 data-start=\"67\" data-end=\"90\"><strong data-start=\"71\" data-end=\"90\">Inhoud:<\/strong><\/h3>\n<ul>\n<li data-start=\"185\" data-end=\"248\">1 Pok\u00e9mon TCG: Scarlet &amp; Violet 8.5 &#8211; Prismatic Evolutions booster pack<\/li>\n<\/ul>\n<h3 data-start=\"67\" data-end=\"90\"><strong data-start=\"71\" data-end=\"90\">Pok\u00e9mon TCG: Scarlet &amp; Violet 8.5 &#8211; Prismatic Evolutions Booster Pack bevat:<\/strong><\/h3>\n<ul>\n<li>10 Pok\u00e9mon TCG kaarten<\/li>\n<li>1 Basic Energy kaart<\/li>\n<li>1 codekaart voor Pok\u00e9mon TCG Live<\/li>\n<\/ul>\n<h3 data-start=\"136\" data-end=\"208\"><strong data-start=\"140\" data-end=\"208\">Set Highlights:<\/strong><\/h3>\n<ul>\n<li data-start=\"212\" data-end=\"254\">Over 175 cards in the full expansion<\/li>\n<li data-start=\"257\" data-end=\"321\">All Eevee Evolutions appear as Stellar Tera Pok\u00e9mon ex<\/li>\n<li data-start=\"324\" data-end=\"372\">Includes 6 powerful ACE SPEC Trainer cards<\/li>\n<li data-start=\"375\" data-end=\"430\">Features 10 Pok\u00e9mon ex and 15 Tera Pok\u00e9mon ex<\/li>\n<li data-start=\"433\" data-end=\"468\">12 Ultra Rare Supporter cards<\/li>\n<li data-start=\"471\" data-end=\"536\">32 Special Illustration Rare Pok\u00e9mon ex and Supporter cards<\/li>\n<li data-start=\"539\" data-end=\"586\">5 Hyper Rare gold-etched Pok\u00e9mon ex cards<\/li>\n<li data-start=\"589\" data-end=\"670\">Two premium reverse holo styles featuring Pok\u00e9 Ball or Master Ball patterns<\/li>\n<\/ul>\n","protected":false},"excerpt":{"rendered":"<p>Eevee &amp; Friends Light Up with Stellar Colors!From fluffy and fiery to freezing and fanciful, Eevee and its many Evolutions hold a special place in the hearts of Pok\u00e9mon Trainers across the land!Discover their unique new powers as Stellar Tera Pok\u00e9mon ex, and look for treasure of your very own across a grand gathering of Pok\u00e9mon ex from Paldea and beyond. Glittering gems and hidden patterns await at the end of the rainbow in the Pok\u00e9mon TCG: Scarlet &amp; Violet\u2014Prismatic Evolutions expansion!<\/p>\n","protected":false},"featured_media":237,"comment_status":"open","ping_status":"closed","template":"","meta":[],"product_brand":[],"product_cat":[77,25],"product_tag":[],"class_list":{"0":"post-239","1":"product","2":"type-product","3":"status-publish","4":"has-post-thumbnail","6":"product_cat-pokemon-boosters","7":"product_cat-prismatic-evolutions","9":"first","10":"outofstock","11":"taxable","12":"shipping-taxable","13":"purchasable","14":"product-type-simple"},"jetpack_sharing_enabled":true,"_links":{"self":[{"href":"https:\/\/youngique.nl\/index.php\/wp-json\/wp\/v2\/product\/239","targetHints":{"allow":["GET"]}}],"collection":[{"href":"https:\/\/youngique.nl\/index.php\/wp-json\/wp\/v2\/product"}],"about":[{"href":"https:\/\/youngique.nl\/index.php\/wp-json\/wp\/v2\/types\/product"}],"replies":[{"embeddable":true,"href":"https:\/\/youngique.nl\/index.php\/wp-json\/wp\/v2\/comments?post=239"}],"wp:featuredmedia":[{"embeddable":true,"href":"https:\/\/youngique.nl\/index.php\/wp-json\/wp\/v2\/media\/237"}],"wp:attachment":[{"href":"https:\/\/youngique.nl\/index.php\/wp-json\/wp\/v2\/media?parent=239"}],"wp:term":[{"taxonomy":"product_brand","embeddable":true,"href":"https:\/\/youngique.nl\/index.php\/wp-json\/wp\/v2\/product_brand?post=239"},{"taxonomy":"product_cat","embeddable":true,"href":"https:\/\/youngique.nl\/index.php\/wp-json\/wp\/v2\/product_cat?post=239"},{"taxonomy":"product_tag","embeddable":true,"href":"https:\/\/youngique.nl\/index.php\/wp-json\/wp\/v2\/product_tag?post=239"}],"curies":[{"name":"wp","href":"https:\/\/api.w.org\/{rel}","templated":true}]}}