{"id":604,"date":"2025-05-08T17:55:03","date_gmt":"2025-05-08T17:55:03","guid":{"rendered":"https:\/\/youngique.nl\/?post_type=product&#038;p=604"},"modified":"2025-08-26T10:33:30","modified_gmt":"2025-08-26T10:33:30","slug":"pokemon-tcg-scarlet-violet-10-5-white-flare-elite-trainer-box-reshiram","status":"publish","type":"product","link":"https:\/\/youngique.nl\/index.php\/product\/pokemon-tcg-scarlet-violet-10-5-white-flare-elite-trainer-box-reshiram\/","title":{"rendered":"Pok\u00e9mon TCG: Scarlet &#038; Violet 10.5 &#8211; White Flare &#8211; Elite Trainer Box Reshiram"},"content":{"rendered":"<h3 data-start=\"67\" data-end=\"90\"><strong data-start=\"71\" data-end=\"90\">Inhoud:<\/strong><\/h3>\n<ul>\n<li data-start=\"185\" data-end=\"248\">9 Pok\u00e9mon TCG: Scarlet &amp; Violet 10.5 &#8211; White Flare booster packs<\/li>\n<li data-start=\"185\" data-end=\"248\">1 full-art foil promo kaart van Tornadus<\/li>\n<\/ul>\n<h3 data-start=\"67\" data-end=\"90\"><strong data-start=\"71\" data-end=\"90\">Pok\u00e9mon TCG: Scarlet &amp; Violet 10.5 White Flare Booster Pack bevat:<\/strong><\/h3>\n<ul>\n<li>10 Pok\u00e9mon TCG kaarten<\/li>\n<li>1 Basic Energy kaart<\/li>\n<li>1 codekaart voor Pok\u00e9mon TCG Live<\/li>\n<\/ul>\n<h3 data-start=\"67\" data-end=\"90\"><strong data-start=\"71\" data-end=\"90\">Accessoires:<\/strong><\/h3>\n<ul>\n<li>65 card sleeves<\/li>\n<li>45 Pok\u00e9mon Energiekaarten<\/li>\n<li>Een spelersgids voor de Scarlet &amp; Violet \u2014 White Flare uitbreiding<\/li>\n<li>6 damage-counter dobbelstenen<\/li>\n<li>1 competitie-legale coin-flip dobbelsteen<\/li>\n<li>2 plastic conditie markers<\/li>\n<li>Een verzamelbox om alles in te bewaren, met 4 verdelers om het georganiseerd te houden<\/li>\n<li>Een codekaart voor Pok\u00e9mon Trading Card Game Live<\/li>\n<\/ul>\n","protected":false},"excerpt":{"rendered":"<p>Reunite with the Pok\u00e9mon of Unova and rise to the top as a Trainer in a land of unity and legends! Evolve first partners Tepig and Oshawott all the way to Emboar and Samurott, and discover the undeniable power of truth with the region\u2019s Legendary and Mythical Pok\u00e9mon, including Reshiram ex and Keldeo ex. As you fill out your Pok\u00e9dex, keep an eye out for special illustrations of each Pok\u00e9mon and parallel cards with Pok\u00e9 Ball patterns in the Pok\u00e9mon TCG: Scarlet &amp; Violet\u2014White Flare expansion!<\/p>\n","protected":false},"featured_media":606,"comment_status":"open","ping_status":"closed","template":"","meta":[],"product_brand":[],"product_cat":[81,48],"product_tag":[],"class_list":{"0":"post-604","1":"product","2":"type-product","3":"status-publish","4":"has-post-thumbnail","6":"product_cat-pokemon-elite-trainer-boxes","7":"product_cat-white-flare","8":"product_shipping_class-dhl-pakket","10":"first","11":"outofstock","12":"taxable","13":"shipping-taxable","14":"purchasable","15":"product-type-simple"},"jetpack_sharing_enabled":true,"_links":{"self":[{"href":"https:\/\/youngique.nl\/index.php\/wp-json\/wp\/v2\/product\/604","targetHints":{"allow":["GET"]}}],"collection":[{"href":"https:\/\/youngique.nl\/index.php\/wp-json\/wp\/v2\/product"}],"about":[{"href":"https:\/\/youngique.nl\/index.php\/wp-json\/wp\/v2\/types\/product"}],"replies":[{"embeddable":true,"href":"https:\/\/youngique.nl\/index.php\/wp-json\/wp\/v2\/comments?post=604"}],"wp:featuredmedia":[{"embeddable":true,"href":"https:\/\/youngique.nl\/index.php\/wp-json\/wp\/v2\/media\/606"}],"wp:attachment":[{"href":"https:\/\/youngique.nl\/index.php\/wp-json\/wp\/v2\/media?parent=604"}],"wp:term":[{"taxonomy":"product_brand","embeddable":true,"href":"https:\/\/youngique.nl\/index.php\/wp-json\/wp\/v2\/product_brand?post=604"},{"taxonomy":"product_cat","embeddable":true,"href":"https:\/\/youngique.nl\/index.php\/wp-json\/wp\/v2\/product_cat?post=604"},{"taxonomy":"product_tag","embeddable":true,"href":"https:\/\/youngique.nl\/index.php\/wp-json\/wp\/v2\/product_tag?post=604"}],"curies":[{"name":"wp","href":"https:\/\/api.w.org\/{rel}","templated":true}]}}